{"id":592,"date":"2022-05-07T14:00:57","date_gmt":"2022-05-07T13:00:57","guid":{"rendered":"http:\/\/www.terredepromesse.com\/site\/?post_type=product&#038;p=592"},"modified":"2022-05-08T09:36:23","modified_gmt":"2022-05-08T08:36:23","slug":"les-fumantes-aventures-de-petoulet-le-souriceau-peteur-prevente","status":"publish","type":"product","link":"http:\/\/www.terredepromesse.com\/site\/produit\/les-fumantes-aventures-de-petoulet-le-souriceau-peteur-prevente\/","title":{"rendered":"Les fumantes aventures de P\u00e9toulet le souriceau p\u00e9teur PR\u00c9VENTE"},"content":{"rendered":"<p><em>Les fumantes aventures de P\u00e9toulet le souriceau p\u00e9teur<\/em> racontent l\u2019histoire d\u2019un souriceau sujet \u00e0 de terribles flatulences qui lui g\u00e2chent sa jeunesse et en font le souffre-douleur de ses camarades de classe. Un beau jour \u2013 en r\u00e9alit\u00e9 une tr\u00e8s vilaine nuit \u2013, P\u00e9toulet au comble du d\u00e9sespoir finit par s\u2019enfuir dans la myst\u00e9rieuse for\u00eat qui jouxte son village. C\u2019est le d\u00e9but pour lui de formidables aventures et de rencontres mythiques qui vont l\u2019amener \u00e0 transformer son point faible en opportunit\u00e9 pour devenir le premier souriceau volant.<\/p>\n<p>L\u2019histoire de P\u00e9toulet est \u00e0 la fois un conte initiatique et un <em>feel-good book<\/em> plein d\u2019humour et de tendresse, multipliant les savoureux clins d\u2019\u0153il aux anciennes l\u00e9gendes. C\u2019est aussi une ode \u00e0 la tol\u00e9rance, \u00e0 l\u2019amour de l\u2019Autre, au respect des diff\u00e9rences, mais \u00e9galement \u00e0 l\u2019acceptation de soi.<\/p>\n<p>Cette histoire color\u00e9e et p\u00e9taradante a \u00e9t\u00e9 goupill\u00e9e par la po\u00e9tesse italienne Luisella Traversi Guerra, d\u00e9goupill\u00e9e par l&rsquo;\u00e9crivain proven\u00e7al Val\u00e9ry Raydon et illustr\u00e9e par le dessinateur breton Ronan Seure-Le Bihan.<\/p>\n<p>Genre : Conte Jeunesse<\/p>\n<p>Public : de 11 \u00e0 111 ans et plus<\/p>\n<p>Livre format A5, couverture cartonn\u00e9e, 186 pages.<\/p>\n<p>ISBN : 978-2-9561503-4-3<\/p>\n<p>D\u00e9p\u00f4t l\u00e9gal : 1<sup>er<\/sup> juillet 2022<\/p>\n<p>Avec la pr\u00e9vente, recevez-le livre d\u00e8s qu&rsquo;il sortira de presse, soit 15 jours avant sa sortie, vers mi-juin.<\/p>\n<p>&nbsp;<\/p>\n","protected":false},"excerpt":{"rendered":"<p>Les fumantes aventures de P\u00e9toulet le souriceau p\u00e9teur racontent l\u2019histoire d\u2019un souriceau sujet \u00e0 de terribles flatulences qui lui g\u00e2chent sa jeunesse et en font le souffre-douleur de ses camarades de classe. Un beau jour \u2013 en r\u00e9alit\u00e9 une tr\u00e8s vilaine nuit \u2013, P\u00e9toulet au comble du d\u00e9sespoir finit par s\u2019enfuir dans la myst\u00e9rieuse for\u00eat [&hellip;]<\/p>\n","protected":false},"featured_media":595,"comment_status":"open","ping_status":"closed","template":"","meta":[],"product_brand":[],"product_cat":[130,7],"product_tag":[126,128,129,127],"class_list":{"0":"post-592","1":"product","2":"type-product","3":"status-publish","4":"has-post-thumbnail","6":"product_cat-jeunesse","7":"product_cat-livres","8":"product_tag-conte","9":"product_tag-fable","10":"product_tag-legende","11":"product_tag-livre-jeunesse","13":"first","14":"instock","15":"shipping-taxable","16":"purchasable","17":"product-type-simple"},"_links":{"self":[{"href":"http:\/\/www.terredepromesse.com\/site\/wp-json\/wp\/v2\/product\/592","targetHints":{"allow":["GET"]}}],"collection":[{"href":"http:\/\/www.terredepromesse.com\/site\/wp-json\/wp\/v2\/product"}],"about":[{"href":"http:\/\/www.terredepromesse.com\/site\/wp-json\/wp\/v2\/types\/product"}],"replies":[{"embeddable":true,"href":"http:\/\/www.terredepromesse.com\/site\/wp-json\/wp\/v2\/comments?post=592"}],"wp:featuredmedia":[{"embeddable":true,"href":"http:\/\/www.terredepromesse.com\/site\/wp-json\/wp\/v2\/media\/595"}],"wp:attachment":[{"href":"http:\/\/www.terredepromesse.com\/site\/wp-json\/wp\/v2\/media?parent=592"}],"wp:term":[{"taxonomy":"product_brand","embeddable":true,"href":"http:\/\/www.terredepromesse.com\/site\/wp-json\/wp\/v2\/product_brand?post=592"},{"taxonomy":"product_cat","embeddable":true,"href":"http:\/\/www.terredepromesse.com\/site\/wp-json\/wp\/v2\/product_cat?post=592"},{"taxonomy":"product_tag","embeddable":true,"href":"http:\/\/www.terredepromesse.com\/site\/wp-json\/wp\/v2\/product_tag?post=592"}],"curies":[{"name":"wp","href":"https:\/\/api.w.org\/{rel}","templated":true}]}}