{"id":164,"date":"2015-11-06T01:13:18","date_gmt":"2015-11-06T00:13:18","guid":{"rendered":"http:\/\/www.terredepromesse.com\/site\/?post_type=product&#038;p=164"},"modified":"2016-12-01T14:09:42","modified_gmt":"2016-12-01T13:09:42","slug":"heritages-indo-europeens-dans-la-rome-republicaine","status":"publish","type":"product","link":"http:\/\/www.terredepromesse.com\/site\/produit\/heritages-indo-europeens-dans-la-rome-republicaine\/","title":{"rendered":"H\u00c9RITAGES INDO-EUROP\u00c9ENS DANS LA ROME R\u00c9PUBLICAINE"},"content":{"rendered":"<p>Par Val\u00e9ry Raydon<\/p>\n<p>Pr\u00e9face Dominique Briquel<\/p>\n<p>L\u2019importance de l\u2019h\u00e9ritage culturel indo-europ\u00e9en dans la soci\u00e9t\u00e9 romaine antique n\u2019est plus \u00e0 d\u00e9montrer. Georges Dum\u00e9zil et ses continuateurs,\u00a0arm\u00e9s du comparatisme structural indo-europ\u00e9en, ont mis \u00e0 jour de nombreux cas d\u2019exploitation de l\u2019id\u00e9ologie indo-europ\u00e9enne des trois fonctions, intervenus dans l\u2019organisation du syst\u00e8me religieux le plus ancien, dans la composition de r\u00e9cits historiographiques, ainsi que dans l\u2019am\u00e9nagement d\u2019institutions juridico-sociales ou militaires majeures.<\/p>\n<p>L\u2019auteur, poursuivant dans cette ligne de recherche, entend mettre en lumi\u00e8re deux nouveaux faits institutionnels romains de la p\u00e9riode r\u00e9publicaine proposant des applications de l\u2019id\u00e9ologie trifonctionnelle des Indo-Europ\u00e9ens. Le premier regarde une pratique diplomatique de donation r\u00e9alis\u00e9e en faveur de rois barbares, le second concerne l\u2019organisation de l\u2019administration r\u00e9publicaine. Ces deux usages gouvernementaux d\u2019importance ont en commun d\u2019avoir \u00e9t\u00e9 \u00e9labor\u00e9s \u00e0 partir de la triade des insignes de la souverainet\u00e9 r\u00e9publicaine. Ces insignes r\u00e9publicains prolongeaient, de l\u2019aveu des Romains, les <em>ornamenta <\/em>des anciens rois de l\u2019<em>Vrbs, <\/em>et distribuaient le pouvoir sur la soci\u00e9t\u00e9 autour de trois p\u00f4les de comp\u00e9tences relevant chacun d\u2019un des niveaux du syst\u00e8me th\u00e9orique trifonctionnel au moyen duquel les Indo-Europ\u00e9ens appr\u00e9hendaient l\u2019Univers : la gestion des affaires religieuses (premi\u00e8re fonction sacr\u00e9e), la gestion des affaires militaires (seconde fonction guerri\u00e8re), et la gestion des affaires politiques (troisi\u00e8me fonction d\u2019abondance, pr\u00e9sid\u00e9e \u00e0 Rome notamment par le dieu Quirinus, patron et protecteur du collectif des \u2018citoyens\u2019 <em>Quirites<\/em>).<\/p>\n<p>Un des r\u00e9sultats majeurs de cette \u00e9tude est la d\u00e9monstration que, tout au long des presque cinq cent ann\u00e9es d\u2019existence du r\u00e9gime r\u00e9publicain, les Romains ont continu\u00e9 de codifier l\u2019autorit\u00e9 politique supr\u00eame suivant le m\u00eame cadre de pens\u00e9e indo-europ\u00e9en qui structurait d\u00e9j\u00e0 ant\u00e9rieurement leur conception de la royaut\u00e9.<\/p>\n<p>&nbsp;<\/p>\n<p><em>Val\u00e9ry Raydon est n\u00e9 \u00e0 N\u00eemes en 1973. Il est docteur en histoire ancienne, chercheur ind\u00e9pendant et \u00e9crivain. Il est l\u2019auteur de plusieurs livres de contes illustr\u00e9s, d\u2019articles scientifiques et d\u2019essais consacr\u00e9s \u00e0 la mythologie compar\u00e9e interceltique et indo-europ\u00e9enne.<\/em><\/p>\n<p>&nbsp;<\/p>\n<p><em>\u00ab\u00a0On peut parler, gr\u00e2ce \u00e0 l\u2019auteur, d\u2019un v\u00e9ritable progr\u00e8s de la m\u00e9thode comparative.\u00a0\u00bb \u00a0 \u00a0 \u00a0 \u00a0 \u00a0 \u00a0 \u00a0 \u00a0 \u00a0 \u00a0 \u00a0 \u00a0 \u00a0 \u00a0 \u00a0 \u00a0 \u00a0 \u00a0 \u00a0 \u00a0 \u00a0 \u00a0 \u00a0 \u00a0 <\/em><\/p>\n<p>Dominique Briquel (Universit\u00e9 Paris-Sorbonne, Paris IV)<\/p>\n<p>&nbsp;<\/p>\n<p><em>\u00ab\u00a0Un livre de qualit\u00e9 et d\u2019apport notable.\u00a0\u00bb<\/em><\/p>\n<p>Claude Sterckx (Universit\u00e9 Libre de Bruxelles)<\/p>\n<p>&nbsp;<\/p>\n<p><em>\u00ab\u00a0Dans cet ouvrage d\u00e9di\u00e9 \u00e0 la m\u00e9moire de Georges Dum\u00e9zil, l&rsquo;auteur applique avec finesse la m\u00e9thode comparatiste du ma\u00eetre pour mettre en \u00e9vidence de nouveaux aspects, dans le monde romain, de ces \u00ab\u00a0h\u00e9ritages indo-europ\u00e9ens\u00a0\u00bb caract\u00e9ris\u00e9s notamment par le concept dum\u00e9zilien de tripartition. Mais en s&rsquo;int\u00e9ressant aux symboles diplomatiques et politiques de la R\u00e9publique romaine, Val\u00e9ry Raydon ne se contente pas, comme le souligne Dominique Briquel dans la pr\u00e9face, d&rsquo;ajouter aux investigations de Dum\u00e9zil de nouvelles manifestations du sch\u00e9ma de pens\u00e9e trifonctionnel : il analyse \u00e9galement avec pr\u00e9cision les variations qui ont pu masquer, ou suffisamment alt\u00e9rer le syst\u00e8me jusqu&rsquo;\u00e0 le rendre parfois difficilement perceptible. L&rsquo;auteur montre ainsi comment les Romains ont su durablement adapter cet h\u00e9ritage \u00e0 l&rsquo;aune des particularit\u00e9s de leur propre civilisation (&#8230;) \u00bb<\/em><\/p>\n<p>Hugo Blanchet (Universit\u00e9 de Grenoble) dans <em>Wekwos<\/em>, 2, 2016<\/p>\n<p>&nbsp;<\/p>\n<p>D\u00e9couvrez ici la pr\u00e9face de Dominique Briquel, Universit\u00e9 de Paris-Sorbonne (Paris IV) :<\/p>\n<p><a href=\"http:\/\/www.terredepromesse.com\/site\/wp-content\/uploads\/2015\/11\/BRIQUEL-Pr\u00e9face-H\u00e9ritages-indo-europ\u00e9ens-dans-la-Rome-r\u00e9publicaine.pdf\">BRIQUEL, Pr\u00e9face H\u00e9ritages indo-europ\u00e9ens dans la Rome r\u00e9publicaine<\/a><\/p>\n","protected":false},"excerpt":{"rendered":"<p>D\u00e9p\u00f4t l\u00e9gal :\u00a0septembre 2014<br \/>\nCo\u00e9dit\u00e9 en partenariat avec<br \/>\nles \u00c9ditions du C\u00e9nacle de France<br \/>\nISBN : 978-2-916537-10-8<br \/>\nISBN : 978-2-9541625-2-2<\/p>\n<p>14,8x21cm &#8211; 124 pages<\/p>\n","protected":false},"featured_media":103,"comment_status":"open","ping_status":"closed","template":"","meta":[],"product_brand":[],"product_cat":[7],"product_tag":[29,37,34,35,41,40,18,39,38,36,32,31,33,9],"class_list":{"0":"post-164","1":"product","2":"type-product","3":"status-publish","4":"has-post-thumbnail","6":"product_cat-livres","7":"product_tag-dumezil","8":"product_tag-indo-europeens","9":"product_tag-insignes-de-la-royaute","10":"product_tag-insignes-republicains","11":"product_tag-interregnum","12":"product_tag-jours-epagomenes","13":"product_tag-mythologie-comparee-indo-europeenne","14":"product_tag-regifugium","15":"product_tag-rex-sacrorum","16":"product_tag-rome","17":"product_tag-rome-archaique","18":"product_tag-rome-republicaine","19":"product_tag-rome-royale","20":"product_tag-valery-raydon","22":"first","23":"instock","24":"shipping-taxable","25":"purchasable","26":"product-type-simple"},"_links":{"self":[{"href":"http:\/\/www.terredepromesse.com\/site\/wp-json\/wp\/v2\/product\/164","targetHints":{"allow":["GET"]}}],"collection":[{"href":"http:\/\/www.terredepromesse.com\/site\/wp-json\/wp\/v2\/product"}],"about":[{"href":"http:\/\/www.terredepromesse.com\/site\/wp-json\/wp\/v2\/types\/product"}],"replies":[{"embeddable":true,"href":"http:\/\/www.terredepromesse.com\/site\/wp-json\/wp\/v2\/comments?post=164"}],"wp:featuredmedia":[{"embeddable":true,"href":"http:\/\/www.terredepromesse.com\/site\/wp-json\/wp\/v2\/media\/103"}],"wp:attachment":[{"href":"http:\/\/www.terredepromesse.com\/site\/wp-json\/wp\/v2\/media?parent=164"}],"wp:term":[{"taxonomy":"product_brand","embeddable":true,"href":"http:\/\/www.terredepromesse.com\/site\/wp-json\/wp\/v2\/product_brand?post=164"},{"taxonomy":"product_cat","embeddable":true,"href":"http:\/\/www.terredepromesse.com\/site\/wp-json\/wp\/v2\/product_cat?post=164"},{"taxonomy":"product_tag","embeddable":true,"href":"http:\/\/www.terredepromesse.com\/site\/wp-json\/wp\/v2\/product_tag?post=164"}],"curies":[{"name":"wp","href":"https:\/\/api.w.org\/{rel}","templated":true}]}}