{"id":636,"date":"2023-03-13T18:55:46","date_gmt":"2023-03-13T17:55:46","guid":{"rendered":"http:\/\/www.terredepromesse.com\/site\/?page_id=636"},"modified":"2026-03-02T17:13:53","modified_gmt":"2026-03-02T16:13:53","slug":"merci-2","status":"publish","type":"page","link":"http:\/\/www.terredepromesse.com\/site\/merci-2\/","title":{"rendered":"Merci !"},"content":{"rendered":"\n<p>Un grand merci pour votre achat. Le livre vous sera exp\u00e9di\u00e9 tr\u00e8s rapidement.<br>Avec toute notre gratitude depuis la Terre de Promesse.<\/p>\n","protected":false},"excerpt":{"rendered":"<p>Un grand merci pour votre achat. Le livre vous sera exp\u00e9di\u00e9 tr\u00e8s rapidement.Avec toute notre gratitude depuis la Terre de Promesse.<\/p>\n","protected":false},"author":2,"featured_media":718,"parent":0,"menu_order":0,"comment_status":"closed","ping_status":"closed","template":"","meta":{"footnotes":""},"class_list":["post-636","page","type-page","status-publish","has-post-thumbnail","hentry"],"_links":{"self":[{"href":"http:\/\/www.terredepromesse.com\/site\/wp-json\/wp\/v2\/pages\/636","targetHints":{"allow":["GET"]}}],"collection":[{"href":"http:\/\/www.terredepromesse.com\/site\/wp-json\/wp\/v2\/pages"}],"about":[{"href":"http:\/\/www.terredepromesse.com\/site\/wp-json\/wp\/v2\/types\/page"}],"author":[{"embeddable":true,"href":"http:\/\/www.terredepromesse.com\/site\/wp-json\/wp\/v2\/users\/2"}],"replies":[{"embeddable":true,"href":"http:\/\/www.terredepromesse.com\/site\/wp-json\/wp\/v2\/comments?post=636"}],"version-history":[{"count":3,"href":"http:\/\/www.terredepromesse.com\/site\/wp-json\/wp\/v2\/pages\/636\/revisions"}],"predecessor-version":[{"id":747,"href":"http:\/\/www.terredepromesse.com\/site\/wp-json\/wp\/v2\/pages\/636\/revisions\/747"}],"wp:featuredmedia":[{"embeddable":true,"href":"http:\/\/www.terredepromesse.com\/site\/wp-json\/wp\/v2\/media\/718"}],"wp:attachment":[{"href":"http:\/\/www.terredepromesse.com\/site\/wp-json\/wp\/v2\/media?parent=636"}],"curies":[{"name":"wp","href":"https:\/\/api.w.org\/{rel}","templated":true}]}}