{"id":147,"date":"2015-11-05T16:50:14","date_gmt":"2015-11-05T15:50:14","guid":{"rendered":"http:\/\/www.terredepromesse.com\/site\/?page_id=147"},"modified":"2016-07-02T11:40:35","modified_gmt":"2016-07-02T10:40:35","slug":"pour-les-libraires","status":"publish","type":"page","link":"http:\/\/www.terredepromesse.com\/site\/pour-les-libraires\/","title":{"rendered":"Commandes Libraires"},"content":{"rendered":"<p><a href=\"http:\/\/www.terredepromesse.com\/site\/wp-content\/uploads\/2015\/11\/crbst_L1010348.jpg\"><img loading=\"lazy\" decoding=\"async\" class=\"aligncenter wp-image-89 size-large\" src=\"http:\/\/www.terredepromesse.com\/site\/wp-content\/uploads\/2015\/11\/crbst_L1010348-1024x314.jpg\" alt=\"tombeau d'Alyatt\u00e8s\" width=\"980\" height=\"301\" srcset=\"http:\/\/www.terredepromesse.com\/site\/wp-content\/uploads\/2015\/11\/crbst_L1010348-1024x314.jpg 1024w, http:\/\/www.terredepromesse.com\/site\/wp-content\/uploads\/2015\/11\/crbst_L1010348-600x184.jpg 600w, http:\/\/www.terredepromesse.com\/site\/wp-content\/uploads\/2015\/11\/crbst_L1010348.jpg 1536w\" sizes=\"auto, (max-width: 980px) 100vw, 980px\" \/><\/a><\/p>\n<p>&nbsp;<\/p>\n<p>\u00c0 l\u2019attention de nos amis libraires, nous pratiquons des conditions ind\u00e9cemment avantageuses \u00a0:<\/p>\n<ul>\n<li>Il est consenti aux libraires fran\u00e7ais, de l\u2019Union Europ\u00e9enne et du monde entier, d\u00e9sirant acheter nos ouvrages une remise fixe de 30% sur le prix de vente.<\/li>\n<li>Un exemplaire est offert pour toute commande de 5 exemplaires, et deux pour 10 exemplaires achet\u00e9s\u00a0!<\/li>\n<li>Retour possible des invendus dans l\u2019ann\u00e9e en cours (\u00e0 vos frais).<\/li>\n<li>Concernant les frais de port\u00a0:\n<ul>\n<li>les libraires fran\u00e7ais (\u00e0 l\u2019exception de ceux des DOM-TOM) doivent acquitter une somme forfaitaire de 3 euros pour une commande de 1 \u00e0 3 exemplaires. Les frais de port sont offerts \u00e0 partir d\u2019une commande de 4 exemplaires.<\/li>\n<li>les libraires de l\u2019Union Europ\u00e9enne doivent acquitter une somme forfaitaire de\u00a05 euros pour une commande de 1 \u00e0 3 exemplaires. Les frais de port sont offerts \u00e0 partir d\u2019une commande de 4 exemplaires.<\/li>\n<li>pour les libraires hors Union Europ\u00e9enne et DOM-TOM, nous vous invitions \u00e0 vous mettre en contact avec nous pour \u00e9tablir le montant des frais de port.<\/li>\n<\/ul>\n<\/li>\n<\/ul>\n<p>Pour plus de d\u00e9tails, voir nos <em>conditions g\u00e9n\u00e9rales de vente aux libraires<\/em> ci-dessous.<\/p>\n<p>Pour t\u00e9l\u00e9charger le Bon de Commande Libraire, c&rsquo;est ici :\u00a0<a href=\"http:\/\/www.terredepromesse.com\/site\/wp-content\/uploads\/2015\/11\/Terre-de-Promesse-BON-DE-COMMANDE-LIBRAIRES-2016.pdf\">Terre de Promesse BON DE COMMANDE LIBRAIRES 2016<\/a><\/p>\n<p>Pour nous contacter : <span style=\"color: #3366ff;\">terredepromesse@gmail.com<\/span><\/p>\n<p>&nbsp;<\/p>\n<p><a href=\"http:\/\/www.terredepromesse.com\/site\/wp-content\/uploads\/2015\/11\/crbst_L1010715.jpg\"><img loading=\"lazy\" decoding=\"async\" class=\" wp-image-91 aligncenter\" src=\"http:\/\/www.terredepromesse.com\/site\/wp-content\/uploads\/2015\/11\/crbst_L1010715-300x198.jpg\" alt=\"arbre de vie, Gordion\" width=\"194\" height=\"128\" \/><\/a><\/p>\n<p>&nbsp;<\/p>\n<p><strong>CONDITIONS G<\/strong><strong>\u00c9N\u00c9RALES DE VENTE <\/strong><strong>AUX LIBRAIRES<\/strong><\/p>\n<p>&nbsp;<\/p>\n<p>En signant son bon de commande, le client libraire reconna\u00eet \u00eatre en accord avec les conditions de vente des \u00e9ditions <em>Terre de Promesse <\/em>\u00a0\u00e9nonc\u00e9es ci-dessous :<\/p>\n<p><strong>1. Commande<\/strong><\/p>\n<p>La commande aux \u00e9ditions <em>Terre de Promesse <\/em>\u00a0est mat\u00e9rialis\u00e9e par le bon de commande que le client libraire peut t\u00e9l\u00e9charger sur notre site internet.\u00a0 Le bon de commande tient lieu de facture.<\/p>\n<p>Le formulaire de bon de commande doit \u00eatre d\u00fbment rempli et renvoy\u00e9 par mail ou envoy\u00e9 par la poste \u00e0 l\u2019adresse suivante :<\/p>\n<p><em>\u00c9<\/em><em>ditions Terre de Promesse,<\/em><\/p>\n<p><em>29 impasse des Haies<\/em><\/p>\n<p><em>Village des Hauts Bois<\/em><\/p>\n<p><em>13013 Marseille<\/em><\/p>\n<p>Le paiement du ou des ouvrages achet\u00e9s doit \u00eatre r\u00e9gl\u00e9 au plus tard \u00e0 30 jours fin du mois. Il peut \u00eatre fait sous forme de ch\u00e8que, libell\u00e9 \u00e0 l\u2019ordre de Val\u00e9ry Raydon et envoy\u00e9 \u00e0 l\u2019adresse pr\u00e9c\u00e9demment mentionn\u00e9e. Ou bien par un paiement via PAY-PAL ou virement bancaire, pour lequel le libraire rentrera en contact\u00a0 avec nous \u00e0 l\u2019adresse suivant : terredepromesse@gmail.com<\/p>\n<p>L\u2019envoi d\u2019acomptes ou le versement partiel du montant de la commande ne sont pas accept\u00e9s.<\/p>\n<p>&nbsp;<\/p>\n<p><strong>2. Prix<\/strong><\/p>\n<p><strong>\u00a0<\/strong>Le prix de chaque livre est indiqu\u00e9 en Euros , hors frais de port. Il est valable jusqu\u2019\u00e0 \u00e9puisement de l\u2019\u00e9dition en cours.<\/p>\n<p>&nbsp;<\/p>\n<p><strong>3. Livraison<\/strong><\/p>\n<p>Les livraisons des livres seront effectu\u00e9es par la poste. Les \u00e9ditions <em>Terre de Promesse<\/em> effectuent la livraison des livres via la poste. Elles s\u2019engagent au traitement de la commande dans les meilleurs d\u00e9lais. Les \u00e9ditions <em>Terre de Promesse<\/em> ne sauraient \u00eatre tenues pour responsables des retards \u00e9ventuels de livraison r\u00e9sultant de dysfonctionnements de la poste ou de perturbations possibles (gr\u00e8ve de la poste, des transports, etc.) dans l\u2019acheminement du courrier.<\/p>\n<p>Si, toutefois, l\u2019acheteur venait \u00e0 ne pas recevoir sa commande dans un d\u00e9lai sup\u00e9rieur \u00e0 2 semaines, il lui appartient de se mettre en contact avec les \u00e9ditions <em>Terre de Promesse<\/em> afin de rem\u00e9dier au probl\u00e8me.<\/p>\n<p>&nbsp;<\/p>\n<p><strong>4. Frais de port<\/strong><\/p>\n<p>Les \u00e9ditions <em>Terre de Promesse<\/em> pratiquent \u00e0 l\u2019attention des Libraires les frais de port suivant\u00a0:<\/p>\n<ul>\n<li>Pour les libraires fran\u00e7ais (\u00e0 l\u2019exception des DOM-TOM)\u00a0: une somme forfaitaire de 3 \u20ac est demand\u00e9 pour une commande de 1 \u00e0 3 exemplaires. A partir d\u2019une commande de 4 exemplaires, les frais de port sont offerts.<\/li>\n<\/ul>\n<ul>\n<li>Pour les libraires de l\u2019Union Europ\u00e9enne\u00a0: une somme forfaitaire de 5 \u20ac est demand\u00e9 pour une commande de 1 \u00e0 3 exemplaires. A partir d\u2019une commande de 4 exemplaires, les frais de port sont offerts.<\/li>\n<\/ul>\n<ul>\n<li>Pour les libraires hors Union Europ\u00e9enne et DOM-TOM\u00a0: prendre contact avec nous pour \u00e9tablir le montant exact des frais de port.<\/li>\n<\/ul>\n<p>&nbsp;<\/p>\n<p><strong>4. Retour des livres achet\u00e9s<\/strong><\/p>\n<p>Les libraires peuvent nous retourner <u>\u00e0 leurs frais<\/u> s\u2019ils le souhaitent les ouvrages non vendus dans le d\u00e9lai d\u2019une ann\u00e9e \u00e0 compter de l\u2019achat. Au-del\u00e0 de cette date, les retours ne seront plus accept\u00e9s.<\/p>\n<p>Si les livres sont retourn\u00e9s dans les d\u00e9lais impartis, l\u2019\u00e9diteur remboursera alors l\u2019achat en totalit\u00e9 ou en partie (les livres ayant subi une d\u00e9t\u00e9rioration ne seront pas rembours\u00e9s).<\/p>\n<p><strong>\u00a0<\/strong><\/p>\n<p><strong>5. Limitation de responsabilit\u00e9<\/strong><\/p>\n<p>Les \u00e9ditions <em>Terre de Promesse<\/em> ne seraient \u00eatre tenues pour responsable d\u2019une inex\u00e9cution de\u00a0commande en cas de rupture de stock d\u2019un livre ou en cas de force majeure (sinistres). Le ch\u00e8que ne sera \u00e9videmment pas encaiss\u00e9 et sera retourn\u00e9 \u00e0 son propri\u00e9taire.<\/p>\n","protected":false},"excerpt":{"rendered":"<p>&nbsp; \u00c0 l\u2019attention de nos amis libraires, nous pratiquons des conditions ind\u00e9cemment avantageuses \u00a0: Il est consenti aux libraires fran\u00e7ais, de l\u2019Union Europ\u00e9enne et du monde entier, d\u00e9sirant acheter nos ouvrages une remise fixe de 30% sur le prix de vente. Un exemplaire est offert pour toute commande de 5 exemplaires, et deux pour 10 [&hellip;]<\/p>\n","protected":false},"author":2,"featured_media":0,"parent":0,"menu_order":0,"comment_status":"closed","ping_status":"closed","template":"","meta":{"footnotes":""},"class_list":["post-147","page","type-page","status-publish","hentry"],"_links":{"self":[{"href":"http:\/\/www.terredepromesse.com\/site\/wp-json\/wp\/v2\/pages\/147","targetHints":{"allow":["GET"]}}],"collection":[{"href":"http:\/\/www.terredepromesse.com\/site\/wp-json\/wp\/v2\/pages"}],"about":[{"href":"http:\/\/www.terredepromesse.com\/site\/wp-json\/wp\/v2\/types\/page"}],"author":[{"embeddable":true,"href":"http:\/\/www.terredepromesse.com\/site\/wp-json\/wp\/v2\/users\/2"}],"replies":[{"embeddable":true,"href":"http:\/\/www.terredepromesse.com\/site\/wp-json\/wp\/v2\/comments?post=147"}],"version-history":[{"count":7,"href":"http:\/\/www.terredepromesse.com\/site\/wp-json\/wp\/v2\/pages\/147\/revisions"}],"predecessor-version":[{"id":306,"href":"http:\/\/www.terredepromesse.com\/site\/wp-json\/wp\/v2\/pages\/147\/revisions\/306"}],"wp:attachment":[{"href":"http:\/\/www.terredepromesse.com\/site\/wp-json\/wp\/v2\/media?parent=147"}],"curies":[{"name":"wp","href":"https:\/\/api.w.org\/{rel}","templated":true}]}}